{"id":29888,"date":"2025-11-17T18:48:33","date_gmt":"2025-11-17T14:48:33","guid":{"rendered":"https:\/\/vfom.shop\/?post_type=product&#038;p=29888"},"modified":"2025-11-17T18:48:33","modified_gmt":"2025-11-17T14:48:33","slug":"redmi-15-5g-8gb256gb","status":"publish","type":"product","link":"https:\/\/vfom.shop\/ar\/product\/redmi-15-5g-8gb256gb\/","title":{"rendered":"REDMI 15 5G (8GB+256GB)"},"content":{"rendered":"<div class=\"lazy\" role=\"\" data-type=\"bg\" data-id=\"6abce8a05a\" data-background-image=\"\" data-loaded=\"true\">\n<ul>\n<li><span class=\"xm-text f-bold\" data-key=\"spec_4\" data-type=\"text\" data-id=\"9e29af26f5\"><span dir=\"auto\">\u0627\u0644\u0645\u0639\u0627\u0644\u062c<\/span><\/span><\/li>\n<li><span class=\"xm-text f-bold\" data-key=\"spec_5\" data-type=\"text\" data-id=\"effc52d893\"><span dir=\"auto\">Snapdragon\u00ae 6s Gen 3 Mobile Platform<\/span><\/span><span class=\"xm-text f-light\" data-key=\"spec_6\" data-type=\"text\" data-id=\"0e3223a7ee\"><span dir=\"auto\">Octa-core CPU, with 6nm processing technology<\/span><\/span><span class=\"xm-text f-light\" data-key=\"spec_7\" data-type=\"text\" data-id=\"308b50a033\"><span dir=\"auto\">CPU: Kryo CPU, up to 2.3 GHz<\/span><\/span><span class=\"xm-text f-light\" data-key=\"spec_8\" data-type=\"text\" data-id=\"a5c9ae0379\"><span dir=\"auto\">GPU unit: Adreno series graphics processor<\/span><\/span><\/li>\n<\/ul>\n<\/div>\n<div class=\"lazy\" role=\"\" data-type=\"bg\" data-id=\"00774ab1bf\" data-background-image=\"\" data-loaded=\"true\">\n<ul>\n<li class=\"lazy\" data-type=\"bg\" data-id=\"156a75e211\" data-loaded=\"true\"><span class=\"xm-text f-bold\" data-key=\"spec_9\" data-type=\"text\" data-id=\"2c9aae6b4f\"><span dir=\"auto\">Storage space and RAM<\/span><\/span><\/li>\n<li class=\"lazy\" data-type=\"bg\" data-id=\"fe1d48cd25\" data-loaded=\"true\"><span class=\"xm-text f-light\" data-key=\"spec_10\" data-type=\"text\" data-id=\"bcfe943f46\"><span dir=\"auto\">4GB + 128GB, 8GB + 256GB*<\/span><\/span><span class=\"xm-text f-light\" data-key=\"spec_11\" data-type=\"text\" data-id=\"85f1ff0592\"><span dir=\"auto\">*Available configurations may vary by region. The available RAM and storage space are less than the total memory capacity due to storage of the operating system and pre-installed software.<\/span><\/span><span class=\"xm-text f-light\" data-key=\"spec_12\" data-type=\"text\" data-id=\"f83d070da2\"><span dir=\"auto\">Supports up to 16GB of RAM* via memory expansion technology<\/span><\/span><span class=\"xm-text f-light\" data-key=\"spec_13\" data-type=\"text\" data-id=\"a34a47afd0\"><span dir=\"auto\">The 16GB RAM option, which utilizes memory expansion technology, is based on the 8GB RAM version. Part of the ROM will be used to expand the RAM. Memory expansion is only available when there is sufficient storage space on your device. The actual amount of RAM expansion may vary between models.<\/span><\/span><span class=\"xm-text f-light\" data-key=\"spec_14\" data-type=\"text\" data-id=\"e30aa33e0b\"><span dir=\"auto\">Storage space can be increased* up to 2 terabytes<\/span><\/span><span class=\"xm-text f-light\" data-key=\"spec_15\" data-type=\"text\" data-id=\"c9750e593e\"><span dir=\"auto\">*A microSD card for additional storage sold separately. Please refer to actual usage.<\/span><\/span><span class=\"xm-text f-light\" data-key=\"spec_16\" data-type=\"text\" data-id=\"4324f2c478\"><span dir=\"auto\">\u0630\u0627\u0643\u0631\u0629 LPDDR4X + UFS2.2<\/span><\/span><\/li>\n<\/ul>\n<\/div>\n<div class=\"lazy\" role=\"\" data-type=\"bg\" data-id=\"797da38030\" data-background-image=\"\" data-loaded=\"true\">\n<ul>\n<li class=\"lazy\" data-type=\"bg\" data-id=\"8ebf64d117\" data-loaded=\"true\"><span class=\"xm-text f-bold\" data-key=\"spec_17\" data-type=\"text\" data-id=\"e40351c5fb\"><span dir=\"auto\">\u0623\u0628\u0639\u0627\u062f<\/span><\/span><\/li>\n<li class=\"lazy\" data-type=\"bg\" data-id=\"0531c16f12\" data-loaded=\"true\"><span class=\"xm-text f-light\" data-key=\"spec_18\" data-type=\"text\" data-id=\"f6748d6187\"><span dir=\"auto\">Height: 169.48 mm<\/span><\/span><span class=\"xm-text f-light\" data-key=\"spec_19\" data-type=\"text\" data-id=\"549e14e2ca\"><span dir=\"auto\">Width: 80.45 mm<\/span><\/span><span class=\"xm-text f-light\" data-key=\"spec_20\" data-type=\"text\" data-id=\"74055e1797\"><span dir=\"auto\">Thickness: 8.40 mm<\/span><\/span><span class=\"xm-text f-light\" data-key=\"spec_21\" data-type=\"text\" data-id=\"2512f71ede\"><span dir=\"auto\">Weight: 217 g<\/span><\/span><span class=\"xm-text f-light\" data-key=\"spec_22\" data-type=\"text\" data-id=\"d15461fccd\"><span dir=\"auto\">*Data obtained from Xiaomi&#8217;s internal labs. Measurement methods may vary according to industry standards. Actual results may vary.<\/span><\/span><span class=\"xm-text f-light\" data-key=\"spec_87\" data-type=\"text\" data-id=\"c7b1b2b619\"><span dir=\"auto\">*The product may vary by region, so please refer to the actual product.<\/span><\/span><\/li>\n<\/ul>\n<\/div>\n<div class=\"lazy\" role=\"\" data-type=\"bg\" data-id=\"34c5c943c8\" data-background-image=\"\" data-loaded=\"true\">\n<ul>\n<li class=\"lazy\" data-type=\"bg\" data-id=\"bce4a8eb23\" data-loaded=\"true\"><span class=\"xm-text f-bold\" data-key=\"spec_23\" data-type=\"text\" data-id=\"1c7cc5c2b2\"><span dir=\"auto\">screen<\/span><\/span><\/li>\n<li class=\"lazy\" data-type=\"bg\" data-id=\"f5e51bfbf0\" data-loaded=\"true\"><span class=\"xm-text f-bold\" data-key=\"spec_24\" data-type=\"text\" data-id=\"c606b1be51\"><span dir=\"auto\">DotDisplay screen with FHD+ resolution and a 6.9-inch size<\/span><\/span><span class=\"xm-text f-light\" data-key=\"spec_25\" data-type=\"text\" data-id=\"9d3ed9eaf2\"><span dir=\"auto\">Resolution: 2340 x 1080<\/span><\/span><span class=\"xm-text f-light\" data-key=\"spec_26\" data-type=\"text\" data-id=\"f748010c82\"><span dir=\"auto\">PPI 374<\/span><\/span><span class=\"xm-text f-light\" data-key=\"spec_27\" data-type=\"text\" data-id=\"155a24cc89\"><span dir=\"auto\">Refresh rate: Up to 144Hz*<\/span><\/span><span class=\"xm-text f-light\" data-key=\"spec_28\" data-type=\"text\" data-id=\"b6e36c5176\"><span dir=\"auto\">*The refresh rate can be adjusted up to 144Hz for supported applications.<\/span><\/span><span class=\"xm-text f-light\" data-key=\"spec_29\" data-type=\"text\" data-id=\"72bf290c92\"><span dir=\"auto\">Touch rate: Up to 288 Hz<\/span><\/span><span class=\"xm-text f-light\" data-key=\"spec_30\" data-type=\"text\" data-id=\"bb4fc84991\"><span dir=\"auto\">Brightness: 700 lumens (typical value), 850 lumens in high brightness mode<\/span><\/span><span class=\"xm-text f-light\" data-key=\"spec_32\" data-type=\"text\" data-id=\"ebc6da7f47\"><span dir=\"auto\">Contrast ratio: 1400:1<\/span><\/span><span class=\"xm-text f-light\" data-key=\"spec_33\" data-type=\"text\" data-id=\"617a0ae0c1\"><span dir=\"auto\">Color gamut: 85% of the colors of the National Television System Committee (NTSC)<\/span><\/span><span class=\"xm-text f-light\" data-key=\"spec_34\" data-type=\"text\" data-id=\"9a4c957f3d\"><span dir=\"auto\">Reading mode<\/span><\/span><span class=\"xm-text f-light\" data-key=\"spec_35\" data-type=\"text\" data-id=\"20b40cde2a\"><span dir=\"auto\">T\u00dcV Rheinland certification for eye protection against low blue light (software feature), T\u00dcV Rheinland certification for compatibility with biological clocks, T\u00dcV Rheinland certification for flicker prevention<\/span><\/span><\/li>\n<\/ul>\n<\/div>\n<div class=\"lazy\" role=\"\" data-type=\"bg\" data-id=\"d3c40df42f\" data-background-image=\"\" data-loaded=\"true\">\n<ul>\n<li class=\"lazy\" data-type=\"bg\" data-id=\"a86bacd642\" data-loaded=\"true\"><span class=\"xm-text f-bold\" data-key=\"spec_36\" data-type=\"text\" data-id=\"05749aa5e2\"><span dir=\"auto\">rear camera<\/span><\/span><\/li>\n<li class=\"lazy\" data-type=\"bg\" data-id=\"ef4331dc95\" data-loaded=\"true\"><span class=\"xm-text f-bold\" data-key=\"spec_37\" data-type=\"text\" data-id=\"258c88c1c8\"><span dir=\"auto\">\u0643\u0627\u0645\u064a\u0631\u0627 \u0631\u0626\u064a\u0633\u064a\u0629 \u0628\u062f\u0642\u0629 50 \u0645\u064a\u062c\u0627 \u0628\u0643\u0633\u0644<\/span><\/span><span class=\"xm-text f-light\" data-key=\"spec_38\" data-type=\"text\" data-id=\"51571f5a5b\"><span dir=\"auto\">A lens composed of 5 elements<\/span><\/span><span class=\"xm-text f-light\" data-key=\"spec_39\" data-type=\"text\" data-id=\"01a313f7d7\"><span dir=\"auto\">f\/1.8 aperture<\/span><\/span><span class=\"xm-text f-light\" data-key=\"spec_40\" data-type=\"text\" data-id=\"7b20074f09\"><span dir=\"auto\">Additional lens<\/span><\/span><span class=\"xm-text f-bold\" data-key=\"spec_41\" data-type=\"text\" data-id=\"90541475c0\"><span dir=\"auto\">\u062a\u0633\u062c\u064a\u0644 \u0641\u064a\u062f\u064a\u0648 \u0628\u0627\u0644\u0643\u0627\u0645\u064a\u0631\u0627 \u0627\u0644\u062e\u0644\u0641\u064a\u0629<\/span><\/span><span class=\"xm-text f-light\" data-key=\"spec_42\" data-type=\"text\" data-id=\"e66a219a39\"><span dir=\"auto\">Record 1080p (1920&#215;1080) high-definition video at 30 frames per second<\/span><\/span><span class=\"xm-text f-light\" data-key=\"spec_43\" data-type=\"text\" data-id=\"f7fefec928\"><span dir=\"auto\">Record 720p (1280&#215;720) high-definition video at 30 frames per second<\/span><\/span><\/li>\n<\/ul>\n<\/div>\n<div class=\"lazy\" role=\"\" data-type=\"bg\" data-id=\"2361e52a57\" data-background-image=\"\" data-loaded=\"true\">\n<ul>\n<li class=\"lazy\" data-type=\"bg\" data-id=\"9faff2ad18\" data-loaded=\"true\"><span class=\"xm-text f-bold\" data-key=\"spec_44\" data-type=\"text\" data-id=\"13d5c4ceec\"><span dir=\"auto\">front camera<\/span><\/span><\/li>\n<li class=\"lazy\" data-type=\"bg\" data-id=\"2885b6e39a\" data-loaded=\"true\"><span class=\"xm-text f-bold\" data-key=\"spec_45\" data-type=\"text\" data-id=\"849f56a969\"><span dir=\"auto\">8MP front camera<\/span><\/span><span class=\"xm-text f-light\" data-key=\"spec_46\" data-type=\"text\" data-id=\"1dcccacacb\"><span dir=\"auto\">f\/2 aperture<\/span><\/span><span class=\"xm-text f-light\" data-key=\"spec_47\" data-type=\"text\" data-id=\"9184d19480\"><span dir=\"auto\">Film camera | High Dynamic Range (HDR) mode | Low Light Ring | Portrait mode | Time-lapse<\/span><\/span><span class=\"xm-text f-bold\" data-key=\"spec_48\" data-type=\"text\" data-id=\"fb0888d959\"><span dir=\"auto\">\u062a\u0633\u062c\u064a\u0644 \u0627\u0644\u0641\u064a\u062f\u064a\u0648 \u0628\u0627\u0644\u0643\u0627\u0645\u064a\u0631\u0627 \u0627\u0644\u0623\u0645\u0627\u0645\u064a\u0629<\/span><\/span><span class=\"xm-text f-light\" data-key=\"spec_49\" data-type=\"text\" data-id=\"09e1cbcba4\"><span dir=\"auto\">Record 1080p (1920&#215;1080) high-definition video at 30 frames per second<\/span><\/span><span class=\"xm-text f-light\" data-key=\"spec_50\" data-type=\"text\" data-id=\"cf7367120d\"><span dir=\"auto\">Record 720p (1280&#215;720) high-definition video at 30 frames per second<\/span><\/span><\/li>\n<\/ul>\n<\/div>\n<div class=\"lazy\" role=\"\" data-type=\"bg\" data-id=\"42970c858c\" data-background-image=\"\" data-loaded=\"true\">\n<ul>\n<li class=\"lazy\" data-type=\"bg\" data-id=\"60045c2eea\" data-loaded=\"true\"><span class=\"xm-text f-bold\" data-key=\"spec_51\" data-type=\"text\" data-id=\"ac56a0461d\"><span dir=\"auto\">Battery and charging<\/span><\/span><\/li>\n<li class=\"lazy\" data-type=\"bg\" data-id=\"bbfdbe2119\" data-loaded=\"true\"><span class=\"xm-text f-light\" data-key=\"spec_52\" data-type=\"text\" data-id=\"4535c816f1\"><span dir=\"auto\">Battery with a capacity of 7000 mAh (typical value)<\/span><\/span><span class=\"xm-text f-light\" data-key=\"spec_53\" data-type=\"text\" data-id=\"e2705627e0\"><span dir=\"auto\">33W fast charging<\/span><\/span><span class=\"xm-text f-light\" data-key=\"spec_54\" data-type=\"text\" data-id=\"92f3d2ac6a\"><span dir=\"auto\">33W charger included<\/span><\/span><\/li>\n<\/ul>\n<\/div>\n<div class=\"lazy\" role=\"\" data-type=\"bg\" data-id=\"71cf72d959\" data-background-image=\"\" data-loaded=\"true\">\n<ul>\n<li class=\"lazy\" data-type=\"bg\" data-id=\"9828abad27\" data-loaded=\"true\"><span class=\"xm-text f-bold\" data-key=\"spec_58\" data-type=\"text\" data-id=\"9c2d9a0f21\"><span dir=\"auto\">\u062d\u0645\u0627\u064a\u0629<\/span><\/span><\/li>\n<li class=\"lazy\" data-type=\"bg\" data-id=\"5bce350006\" data-loaded=\"true\"><span class=\"xm-text f-light\" data-key=\"spec_59\" data-type=\"text\" data-id=\"1cd9c7f6d3\"><span dir=\"auto\">\u0645\u0633\u062a\u0634\u0639\u0631 \u0628\u0635\u0645\u0629 \u0627\u0644\u0625\u0635\u0628\u0639 \u0627\u0644\u062c\u0627\u0646\u0628\u064a<\/span><\/span><span class=\"xm-text f-light\" data-key=\"spec_60\" data-type=\"text\" data-id=\"7f3c300372\"><span dir=\"auto\">AI-powered face unlock<\/span><\/span><\/li>\n<\/ul>\n<\/div>\n<div class=\"lazy\" role=\"\" data-type=\"bg\" data-id=\"3475efc90f\" data-background-image=\"\" data-loaded=\"true\">\n<ul>\n<li class=\"lazy\" data-type=\"bg\" data-id=\"82e62d27d8\" data-loaded=\"true\"><span class=\"xm-text f-bold\" data-key=\"spec_61\" data-type=\"text\" data-id=\"61ab553953\"><span dir=\"auto\">Network and Connection<\/span><\/span><\/li>\n<li class=\"lazy\" data-type=\"bg\" data-id=\"f29152852a\" data-loaded=\"true\"><span class=\"xm-text f-light\" data-key=\"spec_62\" data-type=\"text\" data-id=\"cc4a7fa98e\"><span dir=\"auto\">SIM1 chip + hybrid slot (SIM card or microSD card)<\/span><\/span><span class=\"xm-text f-light\" data-key=\"spec_63\" data-type=\"text\" data-id=\"d51724937b\"><span dir=\"auto\">2G Network: Global System for Mobile Communications (GSM): 2\/3\/5\/8 3G: Code Division Multiple Access: 1\/2\/4\/5\/8\/6\/19 4G Network: Long Term Evolution Frequency Division Dual (LTE FDD): 1*\/2\/3\/4\/5\/7\/8*\/12\/13\/17\/18\/19\/20\/26\/28\/32\/66\/71 4G Network: Long Term Evolution Time Division Dual (LTE FDD): 38\/40\/41\/42\/48 5G: Standalone: \u200b\u200bn1\/3\/5\/7\/8\/20\/28\/38\/40\/41\/66\/77\/78\/71\/2\/12\/26\/48 5G: Non-Standalone: n1\/3\/5\/7\/8\/20\/28\/38\/40\/41\/66\/77\/78\/71<\/span><\/span><span class=\"xm-text f-light\" data-key=\"spec_64\" data-type=\"text\" data-id=\"ab791a12f1\"><span dir=\"auto\">*Connection and network ranges may vary depending on availability in the area and support from the local operator.<\/span><\/span><span class=\"xm-text f-light\" data-key=\"spec_65\" data-type=\"text\" data-id=\"566837c57c\"><span dir=\"auto\">Wireless internet connection (Wi-Fi): 2.4 GHz | 5 GHz<\/span><\/span><span class=\"xm-text f-light\" data-key=\"spec_66\" data-type=\"text\" data-id=\"2134442211\"><span dir=\"auto\">\u0628\u0644\u0648\u062a\u0648\u062b 5.1<\/span><\/span><\/li>\n<\/ul>\n<\/div>\n<div class=\"lazy\" role=\"\" data-type=\"bg\" data-id=\"9a28012dd5\" data-background-image=\"\" data-loaded=\"true\">\n<ul>\n<li class=\"lazy\" data-type=\"bg\" data-id=\"ec6934b039\" data-loaded=\"true\"><span class=\"xm-text f-bold\" data-key=\"spec_67\" data-type=\"text\" data-id=\"555898baa9\"><span dir=\"auto\">Water and dust resistant<\/span><\/span><\/li>\n<li class=\"lazy\" data-type=\"bg\" data-id=\"ab900cc89e\" data-loaded=\"true\"><span class=\"xm-text f-light\" data-key=\"spec_68\" data-type=\"text\" data-id=\"efb4b95e98\"><span dir=\"auto\">IP64<\/span><\/span><span class=\"xm-text f-light\" data-key=\"spec_69\" data-type=\"text\" data-id=\"eccddc525b\"><span dir=\"auto\">*The device was tested under specific laboratory conditions and received an IP64 rating for splash and dust resistance, according to IEC standard 60529:1989+A1:1999+A2:2013.<\/span><\/span><span class=\"xm-text f-light\" data-key=\"spec_70\" data-type=\"text\" data-id=\"9122da177f\"><span dir=\"auto\">*Splash, water, and dust resistance may degrade with daily use. Therefore, do not charge your smartphone in humid environments. Actual usage environments differ from laboratory testing conditions. Do not immerse your smartphone in water or expose it to liquids such as seawater, chlorine, or beverages during normal daily use. Damage caused by intentionally immersing the device in liquid is not covered under warranty.<\/span><\/span><\/li>\n<\/ul>\n<\/div>\n<div class=\"lazy\" role=\"\" data-type=\"bg\" data-id=\"9d3be4d497\" data-background-image=\"\" data-loaded=\"true\">\n<ul>\n<li class=\"lazy\" data-type=\"bg\" data-id=\"dccfc58db3\" data-loaded=\"true\"><span class=\"xm-text f-bold\" data-key=\"spec_71\" data-type=\"text\" data-id=\"6e6523467e\"><span dir=\"auto\">Near-field communication<\/span><\/span><\/li>\n<li class=\"lazy\" data-type=\"bg\" data-id=\"9a44489a9d\" data-loaded=\"true\"><span class=\"xm-text f-light\" data-key=\"spec_72\" data-type=\"text\" data-id=\"6278109722\"><span dir=\"auto\">\u0645\u062a\u0627\u062d<\/span><\/span><span class=\"xm-text f-light\" data-key=\"spec_73\" data-type=\"text\" data-id=\"e6d65f3eef\"><span dir=\"auto\">*The availability of near-field communication varies from market to market.<\/span><\/span><\/li>\n<\/ul>\n<\/div>\n<div class=\"lazy\" role=\"\" data-type=\"bg\" data-id=\"a69111caa4\" data-background-image=\"\" data-loaded=\"true\">\n<ul>\n<li class=\"lazy\" data-type=\"bg\" data-id=\"61f7976592\" data-loaded=\"true\"><span class=\"xm-text f-bold\" data-key=\"spec_74\" data-type=\"text\" data-id=\"59105a3ff2\"><span dir=\"auto\">Navigation<\/span><\/span><\/li>\n<li class=\"lazy\" data-type=\"bg\" data-id=\"2ad432d50e\" data-loaded=\"true\"><span class=\"xm-text f-light\" data-key=\"spec_75\" data-type=\"text\" data-id=\"84e271ece7\"><span dir=\"auto\">GPS | Glonass | Galileo | Beidou<\/span><\/span><\/li>\n<\/ul>\n<\/div>\n<div class=\"lazy\" role=\"\" data-type=\"bg\" data-id=\"26ba9f09c0\" data-background-image=\"\" data-loaded=\"true\">\n<ul>\n<li class=\"lazy\" data-type=\"bg\" data-id=\"f58d8a7dd2\" data-loaded=\"true\"><span class=\"xm-text f-bold\" data-key=\"spec_76\" data-type=\"text\" data-id=\"3835d451ba\"><span dir=\"auto\">\u0635\u0648\u062a<\/span><\/span><\/li>\n<li class=\"lazy\" data-type=\"bg\" data-id=\"019b51391d\" data-loaded=\"true\"><span class=\"xm-text f-light\" data-key=\"spec_77\" data-type=\"text\" data-id=\"f8d49fbefc\"><span dir=\"auto\">Hi-Res Audio Technology<\/span><\/span><span class=\"xm-text f-light\" data-key=\"spec_78\" data-type=\"text\" data-id=\"5b40442c14\"><span dir=\"auto\">Dolby Atmos\u00ae technology<\/span><\/span><\/li>\n<\/ul>\n<\/div>\n<div class=\"lazy\" role=\"\" data-type=\"bg\" data-id=\"95a694fdf2\" data-background-image=\"\" data-loaded=\"true\">\n<ul>\n<li class=\"lazy\" data-type=\"bg\" data-id=\"9841b4c7f3\" data-loaded=\"true\"><span class=\"xm-text f-bold\" data-key=\"spec_79\" data-type=\"text\" data-id=\"227e797177\"><span dir=\"auto\">sensor<\/span><\/span><\/li>\n<li class=\"lazy\" data-type=\"bg\" data-id=\"09cb933ea7\" data-loaded=\"true\"><span class=\"xm-text f-light\" data-key=\"spec_80\" data-type=\"text\" data-id=\"ee1d49321b\"><span dir=\"auto\">Virtual proximity sensor | Ambient light sensor | Accelerometer | Electronic compass | Infrared device control<\/span><\/span><\/li>\n<\/ul>\n<\/div>\n<div class=\"lazy\" role=\"\" data-type=\"bg\" data-id=\"5b126d65aa\" data-background-image=\"\" data-loaded=\"true\">\n<ul>\n<li class=\"lazy\" data-type=\"bg\" data-id=\"9566f0b5a6\" data-loaded=\"true\"><span class=\"xm-text f-bold\" data-key=\"spec_81\" data-type=\"text\" data-id=\"c1fae08dbe\"><span dir=\"auto\">\u0646\u0638\u0627\u0645 \u0627\u0644\u062a\u0634\u063a\u064a\u0644<\/span><\/span><\/li>\n<li class=\"lazy\" data-type=\"bg\" data-id=\"c71c0b60db\" data-loaded=\"true\"><span class=\"xm-text f-light\" data-key=\"spec_82\" data-type=\"text\" data-id=\"53e514753a\"><span dir=\"auto\">Xiaomi HyperOS 2<\/span><\/span><span class=\"xm-text f-light\" data-key=\"spec_83\" data-type=\"text\" data-id=\"e622f08349\"><span dir=\"auto\">*The availability of Xiaomi HyperOS 2 operating system features, applications and services may vary depending on the software version and phone mode<\/span><\/span><\/li>\n<\/ul>\n<\/div>","protected":false},"excerpt":{"rendered":"<p>processor Snapdragon\u00ae 6s Gen 3 Mobile PlatformOcta-core CPU, with 6nm processing technologyCPU: Kryo CPU, up to 2.3 GHzGPU unit: Adreno<\/p>","protected":false},"featured_media":29891,"template":"","meta":[],"product_brand":[686],"product_cat":[678,367,488],"product_tag":[],"class_list":{"0":"post-29888","1":"product","2":"type-product","3":"status-publish","4":"has-post-thumbnail","6":"product_brand-xiaomi","7":"product_cat-50-to-99","8":"product_cat-mobile","9":"product_cat-xiaomi","11":"first","12":"instock","13":"taxable","14":"shipping-taxable","15":"purchasable","16":"product-type-simple"},"wcol_rules":[],"jetpack_sharing_enabled":true,"_links":{"self":[{"href":"https:\/\/vfom.shop\/ar\/wp-json\/wp\/v2\/product\/29888","targetHints":{"allow":["GET"]}}],"collection":[{"href":"https:\/\/vfom.shop\/ar\/wp-json\/wp\/v2\/product"}],"about":[{"href":"https:\/\/vfom.shop\/ar\/wp-json\/wp\/v2\/types\/product"}],"version-history":[{"count":1,"href":"https:\/\/vfom.shop\/ar\/wp-json\/wp\/v2\/product\/29888\/revisions"}],"predecessor-version":[{"id":29895,"href":"https:\/\/vfom.shop\/ar\/wp-json\/wp\/v2\/product\/29888\/revisions\/29895"}],"wp:featuredmedia":[{"embeddable":true,"href":"https:\/\/vfom.shop\/ar\/wp-json\/wp\/v2\/media\/29891"}],"wp:attachment":[{"href":"https:\/\/vfom.shop\/ar\/wp-json\/wp\/v2\/media?parent=29888"}],"wp:term":[{"taxonomy":"product_brand","embeddable":true,"href":"https:\/\/vfom.shop\/ar\/wp-json\/wp\/v2\/product_brand?post=29888"},{"taxonomy":"product_cat","embeddable":true,"href":"https:\/\/vfom.shop\/ar\/wp-json\/wp\/v2\/product_cat?post=29888"},{"taxonomy":"product_tag","embeddable":true,"href":"https:\/\/vfom.shop\/ar\/wp-json\/wp\/v2\/product_tag?post=29888"}],"curies":[{"name":"wp","href":"https:\/\/api.w.org\/{rel}","templated":true}]}}